{"id":198,"date":"2016-01-19T16:01:35","date_gmt":"2016-01-19T15:01:35","guid":{"rendered":"https:\/\/www.checkinatwork.net\/nl\/references\/"},"modified":"2024-04-17T13:50:49","modified_gmt":"2024-04-17T12:50:49","slug":"references","status":"publish","type":"page","link":"https:\/\/www.checkinatwork.net\/nl\/references\/","title":{"rendered":"Referenties"},"content":{"rendered":"<div class=\"fusion-fullwidth fullwidth-box fusion-fullwidth-1  fusion-parallax-none nonhundred-percent-fullwidth back\" style=\"border-color:#eae9e9;border-bottom-width: 0px;border-top-width: 0px;border-bottom-style: solid;border-top-style: solid;padding-bottom:40px;padding-top:40px;padding-left:0px;padding-right:0px;background-color:#98a93a;\"><div class=\"fusion-row\"><div class=\"fusion-title title fusion-sep-none fusion-title-center fusion-title-size-one\"><h1 class=\"title-heading-center\">\n<h1>Referenties<\/h1>\n<\/h1><\/div><p style=\"text-align: center; color: white;\"><em>De CheckInAtWork dienst werd ontwikkeld in samenwerking met bouwondernemingen uit de drie regio\u2019s. Ze is gevalideerd door de Sociale Zekerheid (RSZ\/ONSS).<\/em><\/p>\n<\/div><\/div><div class=\"fusion-section-separator section-separator\" style=\"border-bottom:1px solid #98a93a;\"><div class=\"divider-candy-arrow bottom\" style=\"top:0px;border-top-color: #98a93a;\"><\/div><div class=\"divider-candy bottom\" style=\"bottom:-21px;border-bottom:1px solid #98a93a;border-left:1px solid #98a93a;\"><\/div><\/div><div class=\"fusion-fullwidth fullwidth-box fusion-fullwidth-2  fusion-parallax-none nonhundred-percent-fullwidth\" style=\"border-color:#eae9e9;border-bottom-width: 0px;border-top-width: 0px;border-bottom-style: solid;border-top-style: solid;padding-bottom:20px;padding-top:20px;padding-left:;padding-right:;\"><div class=\"fusion-row\"><div class=\"fusion-one-half fusion-layout-column fusion-spacing-yes\" style=\"margin-top:50px;margin-bottom:50px;\"><div class=\"fusion-column-wrapper\"><div class=\"fusion-title title fusion-sep-none fusion-title-center fusion-title-size-two\"><h2 class=\"title-heading-center\">\n<h2>J\u00e9rouville<\/h2>\n<\/h2><\/div><div class=\"fusion-title title fusion-sep-none fusion-title-center fusion-title-size-five\"><h5 class=\"title-heading-center\">Walloni\u00eb (Libramont)<\/h5><\/div><div class=\"imageframe-align-center\"><span class=\"fusion-imageframe imageframe-none imageframe-1 hover-type-none marginbottom\"> <img decoding=\"async\" src=\"https:\/\/www.checkinatwork.net\/wp-content\/uploads\/2016\/01\/jerouville.png\" alt=\"\" class=\"img-responsive\"\/><\/span><\/div><p>Het bedrijf J\u00e9rouville werd opgericht begin jaren 70 onder de vorm van een vereniging. Maar ze heeft werkelijk vorm gekregen tijdens haar transformatie tot een vennootschap in 1974, het jaar dat ze zich definitief heeft gevestigd te Libramont, het centrum van de provincie Luxemburg.<\/p>\n<p>Haar voornaamste kracht, de flexibiliteit, groeit doorheen de tijd. Het personeel heeft de capaciteit in verscheidende domeinen te werken. De arbeiders zijn niet gespecialiseerd, maar multi-gespecialiseerd. Deze polyvalentie laat aan de onderneming toe competent te zijn in verschillende sectoren zoals het leggen van kabels, kanalisaties, rioleringen en andere, de bouw en het onderhoud van spoorwegen en snelwegen.<\/p>\n<div class=\"fusion-clearfix\"><\/div><\/div><\/div><div class=\"fusion-one-half fusion-layout-column fusion-column-last fusion-spacing-yes\" style=\"margin-top:50px;margin-bottom:50px;\"><div class=\"fusion-column-wrapper\"><div class=\"fusion-title title fusion-sep-none fusion-title-center fusion-title-size-two\"><h2 class=\"title-heading-center\">\n<h2>Gillion Construct<\/h2>\n<\/h2><\/div><div class=\"fusion-title title fusion-sep-none fusion-title-center fusion-title-size-five\"><h5 class=\"title-heading-center\">Brussel (Anderlecht)<\/h5><\/div><div class=\"imageframe-align-center\"><span class=\"fusion-imageframe imageframe-none imageframe-2 hover-type-none marginbottom\"> <img decoding=\"async\" src=\"https:\/\/www.checkinatwork.net\/wp-content\/uploads\/2016\/01\/logo_gillion-300x113.png\" alt=\"\" class=\"img-responsive\"\/><\/span><\/div><p>De &#8220;Entreprises G\u00e9n\u00e9rales Fernand Gillion et fils&#8221; hebben een uitzonderlijke reputatie uitgebouwd in het milieu van de bouw in Belgi\u00eb sinds 4 generaties. Inderdaad, het is in 1918 dat de naam van de familie Gillion voor de eerste keer verschijnt via zijn oprichter Ren\u00e9 Gillion.<\/p>\n<p>Sinds zijn begin tot vandaag, heeft de &#8220;Entreprises Fernand Gillion &amp; Fils&#8221; dezelfde objectieven kunnen behouden : het respect van de planning, kwaliteitswerken in alle veiligheid (VCA-certificatie) dit alles door de dialoog met zijn klanten te privilegi\u00ebren.<\/p>\n<div class=\"fusion-clearfix\"><\/div><\/div><\/div><div class=\"fusion-clearfix\"><\/div><div class=\"fusion-one-half fusion-layout-column fusion-column-last fusion-spacing-yes\" style=\"margin-top:50px;margin-bottom:50px;\"><div class=\"fusion-column-wrapper\"><div class=\"fusion-title title fusion-sep-none fusion-title-center fusion-title-size-two\"><h2 class=\"title-heading-center\">\n<h2>Denys<\/h2>\n<\/h2><\/div><div class=\"fusion-title title fusion-sep-none fusion-title-center fusion-title-size-five\"><h5 class=\"title-heading-center\">Vlaanderen (Wondelgem)<\/h5><\/div><div class=\"imageframe-align-center\"><span class=\"fusion-imageframe imageframe-none imageframe-3 hover-type-none marginbottom\"> <img decoding=\"async\" src=\"https:\/\/www.checkinatwork.net\/wp-content\/uploads\/2016\/01\/denys-300x74.jpg\" alt=\"\" class=\"img-responsive\"\/><\/span><\/div><p>Op tien jaar tijd is Denys uitgegroeid tot een internationale groep met meer dan duizend medewerkers. Denys streeft naar organische groei.<br \/>\nHun groeimodel is gefundeerd op drie pijlers : diversificatie, innovatie en export.<\/p>\n<p>Innoveren doen we niet in \u00e9\u00e9n specialisme, maar als totaalbedrijf in meerdere disciplines: water, energie, mobiliteit, restauratie, bouwkunde, speciale technieken en andere gespecialiseerde bouwtechnieken. In elk van die complementaire vakgebieden vestigen we ons als nichespeler en ontpoppen we ons tot een wereldwijde referentie met hoge toegevoegde waarde. Gebundeld vormen al die disciplines een totaalbedrijf, de Denys Group, een veelgevraagde partner voor de meest complexe bouwprojecten en infrastructuurwerken. Onze doordachte keuze om te diversifi\u00ebren is zonder twijfel de eerste motor voor onze groei geweest.<\/p>\n<div class=\"fusion-clearfix\"><\/div><\/div><\/div><div class=\"fusion-clearfix\"><\/div><\/div><\/div>\n","protected":false},"excerpt":{"rendered":"Referenties De CheckInAtWork dienst werd ontwikkeld in samenwerking met bouwondernemingen uit de drie regio\u2019s. Ze is gevalideerd door de Sociale Zekerheid (RSZ\/ONSS). J\u00e9rouville Walloni\u00eb (Libramont) Het bedrijf J\u00e9rouville werd opgericht begin jaren 70 onder de vorm van een vereniging. Maar ze heeft werkelijk vorm gekregen tijdens haar transformatie tot een vennootschap in 1974, het jaar [...]","protected":false},"author":1,"featured_media":0,"parent":0,"menu_order":0,"comment_status":"closed","ping_status":"closed","template":"100-width.php","meta":{"footnotes":""},"_links":{"self":[{"href":"https:\/\/www.checkinatwork.net\/nl\/wp-json\/wp\/v2\/pages\/198"}],"collection":[{"href":"https:\/\/www.checkinatwork.net\/nl\/wp-json\/wp\/v2\/pages"}],"about":[{"href":"https:\/\/www.checkinatwork.net\/nl\/wp-json\/wp\/v2\/types\/page"}],"author":[{"embeddable":true,"href":"https:\/\/www.checkinatwork.net\/nl\/wp-json\/wp\/v2\/users\/1"}],"replies":[{"embeddable":true,"href":"https:\/\/www.checkinatwork.net\/nl\/wp-json\/wp\/v2\/comments?post=198"}],"version-history":[{"count":2,"href":"https:\/\/www.checkinatwork.net\/nl\/wp-json\/wp\/v2\/pages\/198\/revisions"}],"predecessor-version":[{"id":2189,"href":"https:\/\/www.checkinatwork.net\/nl\/wp-json\/wp\/v2\/pages\/198\/revisions\/2189"}],"wp:attachment":[{"href":"https:\/\/www.checkinatwork.net\/nl\/wp-json\/wp\/v2\/media?parent=198"}],"curies":[{"name":"wp","href":"https:\/\/api.w.org\/{rel}","templated":true}]}}