{"id":1675,"date":"2021-07-27T12:16:48","date_gmt":"2021-07-27T11:16:48","guid":{"rendered":"https:\/\/www.checkinatwork.net\/nl\/a-propos-de-nous\/"},"modified":"2024-06-24T14:40:08","modified_gmt":"2024-06-24T13:40:08","slug":"over-ons","status":"publish","type":"page","link":"https:\/\/www.checkinatwork.net\/nl\/over-ons\/","title":{"rendered":"Over ons"},"content":{"rendered":"<div class=\"wpb-content-wrapper\"><p>[vc_row][vc_column][vc_column_text]<div class=\"fusion-fullwidth fullwidth-box fusion-fullwidth-1  fusion-parallax-none nonhundred-percent-fullwidth\" style=\"border-color:#eae9e9;border-bottom-width: 0px;border-top-width: 0px;border-bottom-style: solid;border-top-style: solid;padding-bottom:20px;padding-top:20px;padding-left:;padding-right:;\"><div class=\"fusion-row\"><p>Viasat werd opgericht als een operator gespecialiseerd in de ontwikkeling van telematica diensten via satelliet voor de automobielsector. Begin 2023 werd de groep overgenomen door Targa Telematics, een technologiebedrijf gespecialiseerd in de ontwikkeling van IoT-oplossingen en digitale platforms gericht op connected mobility. Deze operatie markeert de oprichting van een van \u2019s werelds toonaangevende spelers op het gebied van IoT en de ontwikkeling van slimme mobiliteitsoplossingen en -diensten (smart mobility), met een sterke focus op verzekeringstelematica. Het bedrijf heeft nu een directe aanwezigheid in acht belangrijke Europese landen (Itali\u00eb, Portugal, Spanje, Frankrijk, het Verenigd Koninkrijk, Belgi\u00eb, Polen en Roemeni\u00eb), evenals een dochteronderneming in Chili, en brengt een reeks innovatieve technologie\u00ebn op de markt als onderdeel van wereldwijde projecten.<\/p>\n<p><a href=\"https:\/\/www.viasatconnect.be\/\">Viasat Connect NV<\/a> is een Belgisch, in Brussel gevestigd, bedrijf gespecialiseerd in telematica, incident management en SVR (Stolen Vehicle Recovery). Viasat Connect commercialiseert zijn oplossingen in Belgi\u00eb en via een effici\u00ebnt netwerk van resellers in Europa (Duitsland, Zwitserland, Luxemburg en Oostenrijk) en in 17 Afrikaanse landen.<\/p>\n<p>Deze oplossingen zijn gericht op kleine en middelgrote bedrijven in transport en logistiek, bouw, technische dienstverlening, lokale overheden, schoonmaak en andere sectoren, met als doel het optimaliseren van de operaties, het verlagen van de kosten en het verbeteren van de algehele effici\u00ebntie.<\/p>\n<p>Viasat Connect NV gelooft in een wereld waarin afstand niet langer een obstakel is. Afstand is de kern van \u2018field service\u2019-bedrijven. Het heeft een directe impact op hun productiviteit, veiligheid en commercieel potentieel.<\/p>\n<div class=\"imageframe-align-center\"><span class=\"fusion-imageframe imageframe-none imageframe-1 hover-type-none\"> <img decoding=\"async\" src=\"https:\/\/www.checkinatwork.net\/wp-content\/uploads\/2021\/07\/logo-viasatconnect-3.png\" alt=\"\" class=\"img-responsive\"\/><\/span><\/div><\/div><\/div>\n<p>&nbsp;<\/p>\n<div class=\"fusion-button-wrapper fusion-aligncenter\"><style type=\"text\/css\" scoped=\"scoped\">.fusion-button.button-1 .fusion-button-text, .fusion-button.button-1 i {color:#ffffff;}.fusion-button.button-1 {border-width:0px;border-color:#ffffff;}.fusion-button.button-1 .fusion-button-icon-divider{border-color:#ffffff;}.fusion-button.button-1:hover .fusion-button-text, .fusion-button.button-1:hover i,.fusion-button.button-1:focus .fusion-button-text, .fusion-button.button-1:focus i,.fusion-button.button-1:active .fusion-button-text, .fusion-button.button-1:active{color:#ffffff;}.fusion-button.button-1:hover, .fusion-button.button-1:focus, .fusion-button.button-1:active{border-width:0px;border-color:#ffffff;}.fusion-button.button-1:hover .fusion-button-icon-divider, .fusion-button.button-1:hover .fusion-button-icon-divider, .fusion-button.button-1:active .fusion-button-icon-divider{border-color:#ffffff;}.fusion-button.button-1{background: #98a93a;}.fusion-button.button-1:hover,.button-1:focus,.fusion-button.button-1:active{background: #77842b;}.fusion-button.button-1{width:auto;}<\/style><a class=\"fusion-button button-flat button-round button-large button-default button-1\" target=\"_blank\" href=\"https:\/\/viasatconnect.be\"><span class=\"fusion-button-text\">Ga naar de Viasat Connect website<\/span><\/a><\/div><div class=\"fusion-sep-clear\"><\/div><div class=\"fusion-separator fusion-full-width-sep sep-none\" style=\"border-color:#e0dede;margin-left: auto;margin-right: auto;margin-top:128px;\"><\/div>[\/vc_column_text][\/vc_column][\/vc_row]<\/p>\n<\/div>","protected":false},"excerpt":{"rendered":"<p>[vc_row][vc_column][vc_column_text] &nbsp; [\/vc_column_text][\/vc_column][\/vc_row]<\/p>\n","protected":false},"author":1,"featured_media":0,"parent":0,"menu_order":0,"comment_status":"closed","ping_status":"closed","template":"","meta":{"footnotes":""},"_links":{"self":[{"href":"https:\/\/www.checkinatwork.net\/nl\/wp-json\/wp\/v2\/pages\/1675"}],"collection":[{"href":"https:\/\/www.checkinatwork.net\/nl\/wp-json\/wp\/v2\/pages"}],"about":[{"href":"https:\/\/www.checkinatwork.net\/nl\/wp-json\/wp\/v2\/types\/page"}],"author":[{"embeddable":true,"href":"https:\/\/www.checkinatwork.net\/nl\/wp-json\/wp\/v2\/users\/1"}],"replies":[{"embeddable":true,"href":"https:\/\/www.checkinatwork.net\/nl\/wp-json\/wp\/v2\/comments?post=1675"}],"version-history":[{"count":11,"href":"https:\/\/www.checkinatwork.net\/nl\/wp-json\/wp\/v2\/pages\/1675\/revisions"}],"predecessor-version":[{"id":2204,"href":"https:\/\/www.checkinatwork.net\/nl\/wp-json\/wp\/v2\/pages\/1675\/revisions\/2204"}],"wp:attachment":[{"href":"https:\/\/www.checkinatwork.net\/nl\/wp-json\/wp\/v2\/media?parent=1675"}],"curies":[{"name":"wp","href":"https:\/\/api.w.org\/{rel}","templated":true}]}}